{"id":2289,"date":"2024-07-18T10:23:17","date_gmt":"2024-07-18T13:23:17","guid":{"rendered":"https:\/\/iamarketing.gp.utfpr.edu.br\/?page_id=2289"},"modified":"2024-07-19T10:04:49","modified_gmt":"2024-07-19T13:04:49","slug":"corpo-docente","status":"publish","type":"page","link":"https:\/\/iamarketing.gp.utfpr.edu.br\/?page_id=2289","title":{"rendered":"Corpo Docente"},"content":{"rendered":"\n<div class=\"wp-block-uagb-container uagb-block-27ef9fe0 alignfull uagb-is-root-container\"><div class=\"uagb-container-inner-blocks-wrap\">\n<div class=\"wp-block-uagb-info-box uagb-block-d444f0cc uagb-infobox__content-wrap  uagb-infobox-icon-above-title uagb-infobox-image-valign-top wp-block-uagb-info-box--has-margin\"><div class=\"uagb-infobox-margin-wrapper\"><div class=\"uagb-ifb-content\"><div class=\"uagb-ifb-separator\"><\/div><div class=\"uagb-ifb-title-wrap\"><h1 class=\"uagb-ifb-title\">Corpo Docente<\/h1><\/div><\/div><\/div><\/div>\n<\/div><\/div>\n\n\n\n<div class=\"wp-block-uagb-container uagb-block-93ae254d alignfull uagb-is-root-container\"><div class=\"uagb-container-inner-blocks-wrap\">\n<div class=\"wp-block-uagb-container uagb-block-5cbcb875\">\n<figure class=\"wp-block-image aligncenter size-full is-resized is-style-default\"><img loading=\"lazy\" decoding=\"async\" width=\"480\" height=\"480\" src=\"https:\/\/iamarketing.gp.utfpr.edu.br\/wp-content\/uploads\/2024\/07\/Luan.png\" alt=\"\" class=\"wp-image-2291\" style=\"width:200px\" srcset=\"https:\/\/iamarketing.gp.utfpr.edu.br\/wp-content\/uploads\/2024\/07\/Luan.png 480w, https:\/\/iamarketing.gp.utfpr.edu.br\/wp-content\/uploads\/2024\/07\/Luan-300x300.png 300w, https:\/\/iamarketing.gp.utfpr.edu.br\/wp-content\/uploads\/2024\/07\/Luan-150x150.png 150w\" sizes=\"auto, (max-width: 480px) 100vw, 480px\" \/><\/figure>\n<\/div>\n\n\n\n<div class=\"wp-block-uagb-container uagb-block-947e1305\">\n<p>Prof. Dr. Lu\u00e3n Jos\u00e9 Vaz Chagas<br>UTFPR<br><a href=\"http:\/\/lattes.cnpq.br\/1603129300408564\" data-type=\"link\" data-id=\"http:\/\/lattes.cnpq.br\/1603129300408564\"><mark style=\"background-color:rgba(0, 0, 0, 0)\" class=\"has-inline-color has-ast-global-color-0-color\">Curr\u00edculo Lattes<\/mark><\/a><\/p>\n\n\n\n<p><\/p>\n<\/div>\n<\/div><\/div>\n\n\n\n<div class=\"wp-block-uagb-container uagb-block-2bcce72c alignfull uagb-is-root-container\"><div class=\"uagb-container-inner-blocks-wrap\">\n<div class=\"wp-block-uagb-container uagb-block-dabf5bf0\">\n<figure class=\"wp-block-image aligncenter size-full is-resized is-style-default\"><img loading=\"lazy\" decoding=\"async\" width=\"480\" height=\"480\" src=\"https:\/\/iamarketing.gp.utfpr.edu.br\/wp-content\/uploads\/2024\/07\/Renata.png\" alt=\"\" class=\"wp-image-2304\" style=\"width:200px\" srcset=\"https:\/\/iamarketing.gp.utfpr.edu.br\/wp-content\/uploads\/2024\/07\/Renata.png 480w, https:\/\/iamarketing.gp.utfpr.edu.br\/wp-content\/uploads\/2024\/07\/Renata-300x300.png 300w, https:\/\/iamarketing.gp.utfpr.edu.br\/wp-content\/uploads\/2024\/07\/Renata-150x150.png 150w\" sizes=\"auto, (max-width: 480px) 100vw, 480px\" \/><\/figure>\n<\/div>\n\n\n\n<div class=\"wp-block-uagb-container uagb-block-c38e8bb3\">\n<p>Prof. Dr. Renata Stange<br>UTFPR<br><a href=\"http:\/\/lattes.cnpq.br\/9011719475751582\"><mark style=\"background-color:rgba(0, 0, 0, 0)\" class=\"has-inline-color has-ast-global-color-0-color\">Curr\u00edculo Lattes<\/mark><\/a><\/p>\n<\/div>\n<\/div><\/div>\n\n\n\n<div class=\"wp-block-uagb-container uagb-block-a121e33b alignfull uagb-is-root-container\"><div class=\"uagb-container-inner-blocks-wrap\">\n<div class=\"wp-block-uagb-container uagb-block-ed678b1b\">\n<figure class=\"wp-block-image aligncenter size-full is-resized\"><img loading=\"lazy\" decoding=\"async\" width=\"480\" height=\"480\" src=\"https:\/\/iamarketing.gp.utfpr.edu.br\/wp-content\/uploads\/2024\/07\/Granza.png\" alt=\"\" class=\"wp-image-2305\" style=\"width:200px\" srcset=\"https:\/\/iamarketing.gp.utfpr.edu.br\/wp-content\/uploads\/2024\/07\/Granza.png 480w, https:\/\/iamarketing.gp.utfpr.edu.br\/wp-content\/uploads\/2024\/07\/Granza-300x300.png 300w, https:\/\/iamarketing.gp.utfpr.edu.br\/wp-content\/uploads\/2024\/07\/Granza-150x150.png 150w\" sizes=\"auto, (max-width: 480px) 100vw, 480px\" \/><\/figure>\n<\/div>\n\n\n\n<div class=\"wp-block-uagb-container uagb-block-fc2f0f26\">\n<p>Prof. Dr. Marcelo Henrique Granza<br>UTFPR<br><a href=\"http:\/\/lattes.cnpq.br\/1726003751583776\">Curr\u00edculo Lattes<\/a><\/p>\n<\/div>\n<\/div><\/div>\n\n\n\n<div class=\"wp-block-uagb-container uagb-block-2869bb06 alignfull uagb-is-root-container\"><div class=\"uagb-container-inner-blocks-wrap\">\n<div class=\"wp-block-uagb-container uagb-block-5e4329df\">\n<figure class=\"wp-block-image aligncenter size-full is-resized\"><img loading=\"lazy\" decoding=\"async\" width=\"480\" height=\"480\" src=\"https:\/\/iamarketing.gp.utfpr.edu.br\/wp-content\/uploads\/2024\/07\/Dallamuta-Sorriso.png\" alt=\"\" class=\"wp-image-2309\" style=\"width:200px\" srcset=\"https:\/\/iamarketing.gp.utfpr.edu.br\/wp-content\/uploads\/2024\/07\/Dallamuta-Sorriso.png 480w, https:\/\/iamarketing.gp.utfpr.edu.br\/wp-content\/uploads\/2024\/07\/Dallamuta-Sorriso-300x300.png 300w, https:\/\/iamarketing.gp.utfpr.edu.br\/wp-content\/uploads\/2024\/07\/Dallamuta-Sorriso-150x150.png 150w\" sizes=\"auto, (max-width: 480px) 100vw, 480px\" \/><\/figure>\n<\/div>\n\n\n\n<div class=\"wp-block-uagb-container uagb-block-c1d1328a\">\n<p>Prof. Dr. Jo\u00e3o Dallamuta<br>UTFPR<br><a href=\"http:\/\/lattes.cnpq.br\/7460770389812118\"><mark style=\"background-color:rgba(0, 0, 0, 0)\" class=\"has-inline-color has-ast-global-color-0-color\">Curr\u00edculo Lattes<\/mark><\/a><\/p>\n<\/div>\n<\/div><\/div>\n\n\n\n<div class=\"wp-block-uagb-container uagb-block-b9d9d6c4 alignfull uagb-is-root-container\"><div class=\"uagb-container-inner-blocks-wrap\">\n<div class=\"wp-block-uagb-container uagb-block-45817e12\">\n<figure class=\"wp-block-image aligncenter size-full is-resized\"><img loading=\"lazy\" decoding=\"async\" width=\"480\" height=\"480\" src=\"https:\/\/iamarketing.gp.utfpr.edu.br\/wp-content\/uploads\/2024\/07\/Carla.png\" alt=\"\" class=\"wp-image-2306\" style=\"width:200px\" srcset=\"https:\/\/iamarketing.gp.utfpr.edu.br\/wp-content\/uploads\/2024\/07\/Carla.png 480w, https:\/\/iamarketing.gp.utfpr.edu.br\/wp-content\/uploads\/2024\/07\/Carla-300x300.png 300w, https:\/\/iamarketing.gp.utfpr.edu.br\/wp-content\/uploads\/2024\/07\/Carla-150x150.png 150w\" sizes=\"auto, (max-width: 480px) 100vw, 480px\" \/><\/figure>\n<\/div>\n\n\n\n<div class=\"wp-block-uagb-container uagb-block-424930ff\">\n<p>Prof. Ms. Carla Fernanda de Oliveira Paulo<br>ENEB<br><a href=\"http:\/\/lattes.cnpq.br\/6896643083448553\"><mark style=\"background-color:rgba(0, 0, 0, 0)\" class=\"has-inline-color has-ast-global-color-0-color\">Curr\u00edculo Lattes<\/mark><\/a><\/p>\n<\/div>\n<\/div><\/div>\n\n\n\n<div class=\"wp-block-uagb-container uagb-block-02aef568 alignfull uagb-is-root-container\"><div class=\"uagb-container-inner-blocks-wrap\">\n<div class=\"wp-block-uagb-container uagb-block-40eec260\">\n<figure class=\"wp-block-image aligncenter size-full is-resized\"><img loading=\"lazy\" decoding=\"async\" width=\"480\" height=\"480\" src=\"https:\/\/iamarketing.gp.utfpr.edu.br\/wp-content\/uploads\/2024\/07\/Victor-Teo.png\" alt=\"\" class=\"wp-image-2307\" style=\"width:200px\" srcset=\"https:\/\/iamarketing.gp.utfpr.edu.br\/wp-content\/uploads\/2024\/07\/Victor-Teo.png 480w, https:\/\/iamarketing.gp.utfpr.edu.br\/wp-content\/uploads\/2024\/07\/Victor-Teo-300x300.png 300w, https:\/\/iamarketing.gp.utfpr.edu.br\/wp-content\/uploads\/2024\/07\/Victor-Teo-150x150.png 150w\" sizes=\"auto, (max-width: 480px) 100vw, 480px\" \/><\/figure>\n<\/div>\n\n\n\n<div class=\"wp-block-uagb-container uagb-block-58476171\">\n<p>Prof. Victor Teo<br>Malok Produ\u00e7\u00f5es<br><a href=\"http:\/\/lattes.cnpq.br\/0132324434122533\"><mark style=\"background-color:rgba(0, 0, 0, 0)\" class=\"has-inline-color has-ast-global-color-0-color\">Curr\u00edculo Lattes<\/mark><\/a><\/p>\n<\/div>\n<\/div><\/div>\n\n\n\n<div class=\"wp-block-uagb-container uagb-block-cbaa4e11 alignfull uagb-is-root-container\"><div class=\"uagb-container-inner-blocks-wrap\">\n<div class=\"wp-block-uagb-container uagb-block-fce58b3e\">\n<figure class=\"wp-block-image aligncenter size-full is-resized\"><img loading=\"lazy\" decoding=\"async\" width=\"480\" height=\"480\" src=\"https:\/\/iamarketing.gp.utfpr.edu.br\/wp-content\/uploads\/2024\/07\/Mariana.png\" alt=\"\" class=\"wp-image-2308\" style=\"width:200px\" srcset=\"https:\/\/iamarketing.gp.utfpr.edu.br\/wp-content\/uploads\/2024\/07\/Mariana.png 480w, https:\/\/iamarketing.gp.utfpr.edu.br\/wp-content\/uploads\/2024\/07\/Mariana-300x300.png 300w, https:\/\/iamarketing.gp.utfpr.edu.br\/wp-content\/uploads\/2024\/07\/Mariana-150x150.png 150w\" sizes=\"auto, (max-width: 480px) 100vw, 480px\" \/><\/figure>\n<\/div>\n\n\n\n<div class=\"wp-block-uagb-container uagb-block-fe59d76f\">\n<p>Prof. Ms. Mariana Almeida<br>Unioeste<br><mark style=\"background-color:rgba(0, 0, 0, 0)\" class=\"has-inline-color has-ast-global-color-0-color\"><a href=\"http:\/\/lattes.cnpq.br\/6715025238757622\">Curr\u00edculo Lattes<\/a><\/mark><\/p>\n<\/div>\n<\/div><\/div>\n\n\n\n<p><\/p>\n","protected":false},"excerpt":{"rendered":"<p>Prof. Dr. Lu\u00e3n Jos\u00e9 Vaz ChagasUTFPRCurr\u00edculo Lattes Prof. Dr. Renata StangeUTFPRCurr\u00edculo Lattes Prof. Dr. Marcelo Henrique GranzaUTFPRCurr\u00edculo Lattes Prof. Dr. Jo\u00e3o DallamutaUTFPRCurr\u00edculo Lattes Prof. Ms. Carla Fernanda de Oliveira PauloENEBCurr\u00edculo Lattes Prof. Victor TeoMalok Produ\u00e7\u00f5esCurr\u00edculo Lattes Prof. Ms. Mariana AlmeidaUnioesteCurr\u00edculo Lattes<\/p>\n","protected":false},"author":2,"featured_media":0,"parent":0,"menu_order":0,"comment_status":"closed","ping_status":"closed","template":"","meta":{"_uag_custom_page_level_css":"","site-sidebar-layout":"default","site-content-layout":"","ast-site-content-layout":"default","site-content-style":"default","site-sidebar-style":"default","ast-global-header-display":"","ast-banner-title-visibility":"","ast-main-header-display":"","ast-hfb-above-header-display":"","ast-hfb-below-header-display":"","ast-hfb-mobile-header-display":"","site-post-title":"disabled","ast-breadcrumbs-content":"","ast-featured-img":"","footer-sml-layout":"","theme-transparent-header-meta":"","adv-header-id-meta":"","stick-header-meta":"","header-above-stick-meta":"","header-main-stick-meta":"","header-below-stick-meta":"","astra-migrate-meta-layouts":"set","ast-page-background-enabled":"default","ast-page-background-meta":{"desktop":{"background-color":"","background-image":"","background-repeat":"repeat","background-position":"center center","background-size":"auto","background-attachment":"scroll","background-type":"","background-media":"","overlay-type":"","overlay-color":"","overlay-opacity":"","overlay-gradient":""},"tablet":{"background-color":"","background-image":"","background-repeat":"repeat","background-position":"center center","background-size":"auto","background-attachment":"scroll","background-type":"","background-media":"","overlay-type":"","overlay-color":"","overlay-opacity":"","overlay-gradient":""},"mobile":{"background-color":"","background-image":"","background-repeat":"repeat","background-position":"center center","background-size":"auto","background-attachment":"scroll","background-type":"","background-media":"","overlay-type":"","overlay-color":"","overlay-opacity":"","overlay-gradient":""}},"ast-content-background-meta":{"desktop":{"background-color":"var(--ast-global-color-5)","background-image":"","background-repeat":"repeat","background-position":"center center","background-size":"auto","background-attachment":"scroll","background-type":"","background-media":"","overlay-type":"","overlay-color":"","overlay-opacity":"","overlay-gradient":""},"tablet":{"background-color":"var(--ast-global-color-5)","background-image":"","background-repeat":"repeat","background-position":"center center","background-size":"auto","background-attachment":"scroll","background-type":"","background-media":"","overlay-type":"","overlay-color":"","overlay-opacity":"","overlay-gradient":""},"mobile":{"background-color":"var(--ast-global-color-5)","background-image":"","background-repeat":"repeat","background-position":"center center","background-size":"auto","background-attachment":"scroll","background-type":"","background-media":"","overlay-type":"","overlay-color":"","overlay-opacity":"","overlay-gradient":""}},"footnotes":""},"class_list":["post-2289","page","type-page","status-publish","hentry"],"uagb_featured_image_src":{"full":false,"thumbnail":false,"medium":false,"medium_large":false,"large":false,"1536x1536":false,"2048x2048":false},"uagb_author_info":{"display_name":"Anthony Egiert","author_link":"https:\/\/iamarketing.gp.utfpr.edu.br\/?author=2"},"uagb_comment_info":0,"uagb_excerpt":"Prof. Dr. Lu\u00e3n Jos\u00e9 Vaz ChagasUTFPRCurr\u00edculo Lattes Prof. Dr. Renata StangeUTFPRCurr\u00edculo Lattes Prof. Dr. Marcelo Henrique GranzaUTFPRCurr\u00edculo Lattes Prof. Dr. Jo\u00e3o DallamutaUTFPRCurr\u00edculo Lattes Prof. Ms. Carla Fernanda de Oliveira PauloENEBCurr\u00edculo Lattes Prof. Victor TeoMalok Produ\u00e7\u00f5esCurr\u00edculo Lattes Prof. Ms. Mariana AlmeidaUnioesteCurr\u00edculo Lattes","_links":{"self":[{"href":"https:\/\/iamarketing.gp.utfpr.edu.br\/index.php?rest_route=\/wp\/v2\/pages\/2289","targetHints":{"allow":["GET"]}}],"collection":[{"href":"https:\/\/iamarketing.gp.utfpr.edu.br\/index.php?rest_route=\/wp\/v2\/pages"}],"about":[{"href":"https:\/\/iamarketing.gp.utfpr.edu.br\/index.php?rest_route=\/wp\/v2\/types\/page"}],"author":[{"embeddable":true,"href":"https:\/\/iamarketing.gp.utfpr.edu.br\/index.php?rest_route=\/wp\/v2\/users\/2"}],"replies":[{"embeddable":true,"href":"https:\/\/iamarketing.gp.utfpr.edu.br\/index.php?rest_route=%2Fwp%2Fv2%2Fcomments&post=2289"}],"version-history":[{"count":11,"href":"https:\/\/iamarketing.gp.utfpr.edu.br\/index.php?rest_route=\/wp\/v2\/pages\/2289\/revisions"}],"predecessor-version":[{"id":2404,"href":"https:\/\/iamarketing.gp.utfpr.edu.br\/index.php?rest_route=\/wp\/v2\/pages\/2289\/revisions\/2404"}],"wp:attachment":[{"href":"https:\/\/iamarketing.gp.utfpr.edu.br\/index.php?rest_route=%2Fwp%2Fv2%2Fmedia&parent=2289"}],"curies":[{"name":"wp","href":"https:\/\/api.w.org\/{rel}","templated":true}]}}